{"id":2658,"date":"2021-05-28T09:00:59","date_gmt":"2021-05-28T09:00:59","guid":{"rendered":"https:\/\/2022.streetartfestival.si\/?page_id=2658"},"modified":"2021-06-10T15:27:29","modified_gmt":"2021-06-10T15:27:29","slug":"about","status":"publish","type":"page","link":"https:\/\/2022.streetartfestival.si\/en\/about\/","title":{"rendered":"About"},"content":{"rendered":"\t\t<div data-elementor-type=\"wp-page\" data-elementor-id=\"2658\" class=\"elementor elementor-2658\">\n\t\t\t\t\t\t<div class=\"elementor-inner\">\n\t\t\t\t<div class=\"elementor-section-wrap\">\n\t\t\t\t\t\t\t\t\t<section class=\"elementor-section elementor-top-section elementor-element elementor-element-4790884 elementor-section-boxed elementor-section-height-default elementor-section-height-default\" data-id=\"4790884\" data-element_type=\"section\">\n\t\t\t\t\t\t<div class=\"elementor-container elementor-column-gap-default\">\n\t\t\t\t\t\t\t<div class=\"elementor-row\">\n\t\t\t\t\t<div class=\"elementor-column elementor-col-33 elementor-top-column elementor-element elementor-element-7bf6d9d\" data-id=\"7bf6d9d\" data-element_type=\"column\">\n\t\t\t<div class=\"elementor-column-wrap elementor-element-populated\">\n\t\t\t\t\t\t\t<div class=\"elementor-widget-wrap\">\n\t\t\t\t\t\t<div class=\"elementor-element elementor-element-801c858 elementor-widget elementor-widget-image\" data-id=\"801c858\" data-element_type=\"widget\" data-settings=\"{&quot;ekit_we_effect_on&quot;:&quot;none&quot;}\" data-widget_type=\"image.default\">\n\t\t\t\t<div class=\"elementor-widget-container\">\n\t\t\t\t\t\t\t\t<div class=\"elementor-image\">\n\t\t\t\t\t\t\t\t\t\t\t\t<img width=\"454\" height=\"281\" src=\"https:\/\/2022.streetartfestival.si\/wp-content\/uploads\/2021\/05\/Ljubljana-Street-Art-Festival-LOGO.png\" class=\"attachment-large size-large\" alt=\"\" loading=\"lazy\" srcset=\"https:\/\/2022.streetartfestival.si\/wp-content\/uploads\/2021\/05\/Ljubljana-Street-Art-Festival-LOGO.png 454w, https:\/\/2022.streetartfestival.si\/wp-content\/uploads\/2021\/05\/Ljubljana-Street-Art-Festival-LOGO-300x186.png 300w\" sizes=\"(max-width: 454px) 100vw, 454px\" \/>\t\t\t\t\t\t\t\t\t\t\t\t\t\t<\/div>\n\t\t\t\t\t\t<\/div>\n\t\t\t\t<\/div>\n\t\t\t\t\t\t<\/div>\n\t\t\t\t\t<\/div>\n\t\t<\/div>\n\t\t\t\t<div class=\"elementor-column elementor-col-66 elementor-top-column elementor-element elementor-element-184886b\" data-id=\"184886b\" data-element_type=\"column\">\n\t\t\t<div class=\"elementor-column-wrap elementor-element-populated\">\n\t\t\t\t\t\t\t<div class=\"elementor-widget-wrap\">\n\t\t\t\t\t\t<div class=\"elementor-element elementor-element-3ebd0c8 elementor-widget elementor-widget-text-editor\" data-id=\"3ebd0c8\" data-element_type=\"widget\" data-settings=\"{&quot;ekit_we_effect_on&quot;:&quot;none&quot;}\" data-widget_type=\"text-editor.default\">\n\t\t\t\t<div class=\"elementor-widget-container\">\n\t\t\t\t\t\t\t\t<div class=\"elementor-text-editor elementor-clearfix\">\n\t\t\t\t<p><strong>Ljubljana Street Art Festival is the first international contemporary street art festival in Slovenia. <\/strong>Born from a passion for street art, graffiti, urban art, and art interventions in public spaces, Ljubljana Street Art Festival brings together international and local artists and scholars. It invites visitors to read the streets, participate in activities as well as it showcases young, emerging generations of street artists to ensure a bright future for one of the most important art movements of the 21st century.<\/p><p>The main organizer of the Ljubljana Street Art Festival is <a href=\"http:\/\/inurb.si\/en\/\" target=\"_blank\" rel=\"noopener\">INURB, Institute for Urban Questions<\/a> (In\u0161titut za urbana vpra\u0161anja). The co-producers of the 2021 edition of the festival is <a href=\"https:\/\/www.kinosiska.si\/en\/\" target=\"_blank\" rel=\"noopener\">Kino \u0160i\u0161ka Centre for Urban Culture<\/a>.<\/p><p><strong>INURB<\/strong> was founded in April 2018 as a platform raise public awareness of non-institutional creative practices, alternative local micro-histories and urban cultural phenomena. In the project <a href=\"http:\/\/alternativetoursljubljana.com\/\" target=\"_blank\" rel=\"noopener\">Alternative Ljubljana<\/a> INURB&#8217;s team developed educational walks about the cultural history, social and political context of various urban subcultures and alternative movements in Ljubljana. Since 2019, INURB is the organizer of the annual international Ljubljana Street Art Festival.<\/p>\t\t\t\t\t<\/div>\n\t\t\t\t\t\t<\/div>\n\t\t\t\t<\/div>\n\t\t\t\t<div class=\"elementor-element elementor-element-31076e9 elementor-widget elementor-widget-text-editor\" data-id=\"31076e9\" data-element_type=\"widget\" data-settings=\"{&quot;ekit_we_effect_on&quot;:&quot;none&quot;}\" data-widget_type=\"text-editor.default\">\n\t\t\t\t<div class=\"elementor-widget-container\">\n\t\t\t\t\t\t\t\t<div class=\"elementor-text-editor elementor-clearfix\">\n\t\t\t\t<h2><b>Colophon<\/b><\/h2><p><b>Festival Director:<\/b> Sandi Abram <b>Programme Committee: <\/b>Anja Zver, Sandi Abram, Nata\u0161a Serec, Miha Erjavec <b>Conference Steering Committee: <\/b>Sandi Abram, Anja Zver, Miha Erjavec <b>Festival Design:<\/b> Planet Rick <b>Graphic Design: <\/b>Matja\u017e Komel, Planet Rick <b>Public Relations:<\/b> Anja Steiner, Rok Avbar <b>Social Media:<\/b> Sara Von\u010dina, Dominika Ma\u0161a Kozar <b>Programme Partners:<\/b> Bo\u017eidar Zrinski, Lili \u0160turm, Jasna Babi\u0107, Katarina Deskovi\u010d, Anabel \u010cernohorski, Darja \u0160tirn, Stella Iv\u0161ek, Anja Romih <b>Photography: <\/b>Nejc Keti\u0161 <b>Special Thanks:<\/b> Darja Kopitar<\/p><p><b>Main Organizers:<\/b> In\u0161titut za urbana vpra\u0161anja &amp; Kino \u0160i\u0161ka<\/p><p><b>Coproducers:<\/b> MGLC, KUD Mre\u017ea, Galerija No\u010dna izlo\u017eba Pe\u0161ak, Dru\u0161tvo KAPA, KUD Podtalnica, Dru\u0161tvo parada ponosa, Galerija V\u017eigalica, Ljudmila, Osmo\/za, Kindergarten Vodmat<\/p><p><b>Additional Information: <\/b>T 031 42 42 46\u00a0 E <a href=\"mailto:info@inurb.si\">info [at] inurb.si<\/a><\/p>\t\t\t\t\t<\/div>\n\t\t\t\t\t\t<\/div>\n\t\t\t\t<\/div>\n\t\t\t\t\t\t<\/div>\n\t\t\t\t\t<\/div>\n\t\t<\/div>\n\t\t\t\t\t\t\t\t<\/div>\n\t\t\t\t\t<\/div>\n\t\t<\/section>\n\t\t\t\t<section class=\"elementor-section elementor-top-section elementor-element elementor-element-ff01d4f elementor-section-boxed elementor-section-height-default elementor-section-height-default\" data-id=\"ff01d4f\" data-element_type=\"section\">\n\t\t\t\t\t\t<div class=\"elementor-container elementor-column-gap-default\">\n\t\t\t\t\t\t\t<div class=\"elementor-row\">\n\t\t\t\t\t<div class=\"elementor-column elementor-col-33 elementor-top-column elementor-element elementor-element-02230e5\" data-id=\"02230e5\" data-element_type=\"column\">\n\t\t\t<div class=\"elementor-column-wrap\">\n\t\t\t\t\t\t\t<div class=\"elementor-widget-wrap\">\n\t\t\t\t\t\t\t\t<\/div>\n\t\t\t\t\t<\/div>\n\t\t<\/div>\n\t\t\t\t<div class=\"elementor-column elementor-col-33 elementor-top-column elementor-element elementor-element-7fda015\" data-id=\"7fda015\" data-element_type=\"column\">\n\t\t\t<div class=\"elementor-column-wrap elementor-element-populated\">\n\t\t\t\t\t\t\t<div class=\"elementor-widget-wrap\">\n\t\t\t\t\t\t<div class=\"elementor-element elementor-element-869f911 elementor-widget elementor-widget-image\" data-id=\"869f911\" data-element_type=\"widget\" data-settings=\"{&quot;ekit_we_effect_on&quot;:&quot;none&quot;}\" data-widget_type=\"image.default\">\n\t\t\t\t<div class=\"elementor-widget-container\">\n\t\t\t\t\t\t\t\t<div class=\"elementor-image\">\n\t\t\t\t\t\t\t\t\t\t\t\t<img src=\"https:\/\/2022.streetartfestival.si\/wp-content\/uploads\/elementor\/thumbs\/logo-q5hgscgg6rx2pmbkkkl9chkhl4sfv3whsng1b8rw8w.png\" title=\"logo\" alt=\"logo\" \/>\t\t\t\t\t\t\t\t\t\t\t\t\t\t<\/div>\n\t\t\t\t\t\t<\/div>\n\t\t\t\t<\/div>\n\t\t\t\t\t\t<\/div>\n\t\t\t\t\t<\/div>\n\t\t<\/div>\n\t\t\t\t<div class=\"elementor-column elementor-col-33 elementor-top-column elementor-element elementor-element-5271ef7\" data-id=\"5271ef7\" data-element_type=\"column\">\n\t\t\t<div class=\"elementor-column-wrap elementor-element-populated\">\n\t\t\t\t\t\t\t<div class=\"elementor-widget-wrap\">\n\t\t\t\t\t\t\t\t<\/div>\n\t\t\t\t\t<\/div>\n\t\t<\/div>\n\t\t\t\t\t\t\t\t<\/div>\n\t\t\t\t\t<\/div>\n\t\t<\/section>\n\t\t\t\t<section class=\"elementor-section elementor-top-section elementor-element elementor-element-e69ec3f elementor-section-boxed elementor-section-height-default elementor-section-height-default\" data-id=\"e69ec3f\" data-element_type=\"section\">\n\t\t\t\t\t\t<div class=\"elementor-container elementor-column-gap-default\">\n\t\t\t\t\t\t\t<div class=\"elementor-row\">\n\t\t\t\t\t<div class=\"elementor-column elementor-col-33 elementor-top-column elementor-element elementor-element-6111c45\" data-id=\"6111c45\" data-element_type=\"column\">\n\t\t\t<div class=\"elementor-column-wrap\">\n\t\t\t\t\t\t\t<div class=\"elementor-widget-wrap\">\n\t\t\t\t\t\t\t\t<\/div>\n\t\t\t\t\t<\/div>\n\t\t<\/div>\n\t\t\t\t<div class=\"elementor-column elementor-col-33 elementor-top-column elementor-element elementor-element-7c6acf2\" data-id=\"7c6acf2\" data-element_type=\"column\">\n\t\t\t<div class=\"elementor-column-wrap elementor-element-populated\">\n\t\t\t\t\t\t\t<div class=\"elementor-widget-wrap\">\n\t\t\t\t\t\t<div class=\"elementor-element elementor-element-29df7af elementor-widget elementor-widget-text-editor\" data-id=\"29df7af\" data-element_type=\"widget\" data-settings=\"{&quot;ekit_we_effect_on&quot;:&quot;none&quot;}\" data-widget_type=\"text-editor.default\">\n\t\t\t\t<div class=\"elementor-widget-container\">\n\t\t\t\t\t\t\t\t<div class=\"elementor-text-editor elementor-clearfix\">\n\t\t\t\t<p>In partnership with: \u00a0 \u00a0 \u00a0\u00a0 <img loading=\"lazy\" class=\"alignnone wp-image-2856\" src=\"https:\/\/2022.streetartfestival.si\/wp-content\/uploads\/2021\/05\/KS-lezec-logo-s-crno-podlago-300x110.png\" alt=\"\" width=\"194\" height=\"71\" srcset=\"https:\/\/2022.streetartfestival.si\/wp-content\/uploads\/2021\/05\/KS-lezec-logo-s-crno-podlago-300x110.png 300w, https:\/\/2022.streetartfestival.si\/wp-content\/uploads\/2021\/05\/KS-lezec-logo-s-crno-podlago-600x220.png 600w, https:\/\/2022.streetartfestival.si\/wp-content\/uploads\/2021\/05\/KS-lezec-logo-s-crno-podlago-1024x375.png 1024w, https:\/\/2022.streetartfestival.si\/wp-content\/uploads\/2021\/05\/KS-lezec-logo-s-crno-podlago-768x281.png 768w, https:\/\/2022.streetartfestival.si\/wp-content\/uploads\/2021\/05\/KS-lezec-logo-s-crno-podlago.png 1340w\" sizes=\"(max-width: 194px) 100vw, 194px\" \/><\/p>\t\t\t\t\t<\/div>\n\t\t\t\t\t\t<\/div>\n\t\t\t\t<\/div>\n\t\t\t\t\t\t<\/div>\n\t\t\t\t\t<\/div>\n\t\t<\/div>\n\t\t\t\t<div class=\"elementor-column elementor-col-33 elementor-top-column elementor-element elementor-element-e3e3d04\" data-id=\"e3e3d04\" data-element_type=\"column\">\n\t\t\t<div class=\"elementor-column-wrap\">\n\t\t\t\t\t\t\t<div class=\"elementor-widget-wrap\">\n\t\t\t\t\t\t\t\t<\/div>\n\t\t\t\t\t<\/div>\n\t\t<\/div>\n\t\t\t\t\t\t\t\t<\/div>\n\t\t\t\t\t<\/div>\n\t\t<\/section>\n\t\t\t\t<section class=\"elementor-section elementor-top-section elementor-element elementor-element-58eb2b81 elementor-section-boxed elementor-section-height-default elementor-section-height-default\" data-id=\"58eb2b81\" data-element_type=\"section\" data-settings=\"{&quot;background_background&quot;:&quot;gradient&quot;}\">\n\t\t\t\t\t\t<div class=\"elementor-container elementor-column-gap-default\">\n\t\t\t\t\t\t\t<div class=\"elementor-row\">\n\t\t\t\t\t<div class=\"elementor-column elementor-col-100 elementor-top-column elementor-element elementor-element-5e729ad4\" data-id=\"5e729ad4\" data-element_type=\"column\">\n\t\t\t<div class=\"elementor-column-wrap elementor-element-populated\">\n\t\t\t\t\t\t\t<div class=\"elementor-widget-wrap\">\n\t\t\t\t\t\t<div class=\"elementor-element elementor-element-6143c497 elementor-invisible elementor-widget elementor-widget-exhibz-title\" data-id=\"6143c497\" data-element_type=\"widget\" data-settings=\"{&quot;_animation&quot;:&quot;slideInUp&quot;,&quot;ekit_we_effect_on&quot;:&quot;none&quot;}\" data-widget_type=\"exhibz-title.default\">\n\t\t\t\t<div class=\"elementor-widget-container\">\n\t\t\t\n    <div class=\"title-section-area\">\n        <h2 class=\"section-title\">\n            <span class=\"sub-title\">A BIG-UP TO<\/span>\n\t\t\tOur Supporters        <\/h2>\n\t\t                    <\/div><!-- Section title -->\n    \n    \n\n    \t\t<\/div>\n\t\t\t\t<\/div>\n\t\t\t\t<section class=\"elementor-section elementor-inner-section elementor-element elementor-element-ec8d13f elementor-section-content-middle elementor-section-boxed elementor-section-height-default elementor-section-height-default elementor-invisible\" data-id=\"ec8d13f\" data-element_type=\"section\" data-settings=\"{&quot;animation&quot;:&quot;fadeInUp&quot;,&quot;animation_delay&quot;:500}\">\n\t\t\t\t\t\t<div class=\"elementor-container elementor-column-gap-default\">\n\t\t\t\t\t\t\t<div class=\"elementor-row\">\n\t\t\t\t\t<div class=\"elementor-column elementor-col-16 elementor-inner-column elementor-element elementor-element-1f432596\" data-id=\"1f432596\" data-element_type=\"column\">\n\t\t\t<div class=\"elementor-column-wrap elementor-element-populated\">\n\t\t\t\t\t\t\t<div class=\"elementor-widget-wrap\">\n\t\t\t\t\t\t<div class=\"elementor-element elementor-element-341159f elementor-widget elementor-widget-image\" data-id=\"341159f\" data-element_type=\"widget\" data-settings=\"{&quot;ekit_we_effect_on&quot;:&quot;none&quot;}\" data-widget_type=\"image.default\">\n\t\t\t\t<div class=\"elementor-widget-container\">\n\t\t\t\t\t\t\t\t<div class=\"elementor-image\">\n\t\t\t\t\t\t\t\t\t\t\t\t<img width=\"621\" height=\"137\" src=\"https:\/\/2022.streetartfestival.si\/wp-content\/uploads\/2021\/06\/MK_eng_LSAF.png\" class=\"attachment-medium_large size-medium_large\" alt=\"\" loading=\"lazy\" srcset=\"https:\/\/2022.streetartfestival.si\/wp-content\/uploads\/2021\/06\/MK_eng_LSAF.png 621w, https:\/\/2022.streetartfestival.si\/wp-content\/uploads\/2021\/06\/MK_eng_LSAF-600x132.png 600w, https:\/\/2022.streetartfestival.si\/wp-content\/uploads\/2021\/06\/MK_eng_LSAF-300x66.png 300w\" sizes=\"(max-width: 621px) 100vw, 621px\" \/>\t\t\t\t\t\t\t\t\t\t\t\t\t\t<\/div>\n\t\t\t\t\t\t<\/div>\n\t\t\t\t<\/div>\n\t\t\t\t\t\t<\/div>\n\t\t\t\t\t<\/div>\n\t\t<\/div>\n\t\t\t\t<div class=\"elementor-column elementor-col-16 elementor-inner-column elementor-element elementor-element-65040f51\" data-id=\"65040f51\" data-element_type=\"column\">\n\t\t\t<div class=\"elementor-column-wrap elementor-element-populated\">\n\t\t\t\t\t\t\t<div class=\"elementor-widget-wrap\">\n\t\t\t\t\t\t<div class=\"elementor-element elementor-element-42b3c6f3 elementor-widget elementor-widget-image\" data-id=\"42b3c6f3\" data-element_type=\"widget\" data-settings=\"{&quot;ekit_we_effect_on&quot;:&quot;none&quot;}\" data-widget_type=\"image.default\">\n\t\t\t\t<div class=\"elementor-widget-container\">\n\t\t\t\t\t\t\t\t<div class=\"elementor-image\">\n\t\t\t\t\t\t\t\t\t\t\t\t\t<a href=\"#\">\n\t\t\t\t\t\t\t<img width=\"2560\" height=\"781\" src=\"https:\/\/2022.streetartfestival.si\/wp-content\/uploads\/2021\/06\/Grb-MOL-s-slovenskim-napisom-lezeci-scaled.jpg\" class=\"attachment-full size-full\" alt=\"\" loading=\"lazy\" srcset=\"https:\/\/2022.streetartfestival.si\/wp-content\/uploads\/2021\/06\/Grb-MOL-s-slovenskim-napisom-lezeci-scaled.jpg 2560w, https:\/\/2022.streetartfestival.si\/wp-content\/uploads\/2021\/06\/Grb-MOL-s-slovenskim-napisom-lezeci-scaled-600x183.jpg 600w, https:\/\/2022.streetartfestival.si\/wp-content\/uploads\/2021\/06\/Grb-MOL-s-slovenskim-napisom-lezeci-300x91.jpg 300w, https:\/\/2022.streetartfestival.si\/wp-content\/uploads\/2021\/06\/Grb-MOL-s-slovenskim-napisom-lezeci-1024x312.jpg 1024w, https:\/\/2022.streetartfestival.si\/wp-content\/uploads\/2021\/06\/Grb-MOL-s-slovenskim-napisom-lezeci-768x234.jpg 768w, https:\/\/2022.streetartfestival.si\/wp-content\/uploads\/2021\/06\/Grb-MOL-s-slovenskim-napisom-lezeci-1536x468.jpg 1536w, https:\/\/2022.streetartfestival.si\/wp-content\/uploads\/2021\/06\/Grb-MOL-s-slovenskim-napisom-lezeci-2048x625.jpg 2048w\" sizes=\"(max-width: 2560px) 100vw, 2560px\" \/>\t\t\t\t\t\t\t\t<\/a>\n\t\t\t\t\t\t\t\t\t\t\t\t\t\t<\/div>\n\t\t\t\t\t\t<\/div>\n\t\t\t\t<\/div>\n\t\t\t\t\t\t<\/div>\n\t\t\t\t\t<\/div>\n\t\t<\/div>\n\t\t\t\t<div class=\"elementor-column elementor-col-16 elementor-inner-column elementor-element elementor-element-6d52361c\" data-id=\"6d52361c\" data-element_type=\"column\">\n\t\t\t<div class=\"elementor-column-wrap elementor-element-populated\">\n\t\t\t\t\t\t\t<div class=\"elementor-widget-wrap\">\n\t\t\t\t\t\t<div class=\"elementor-element elementor-element-55c8cb3c elementor-widget elementor-widget-image\" data-id=\"55c8cb3c\" data-element_type=\"widget\" data-settings=\"{&quot;ekit_we_effect_on&quot;:&quot;none&quot;}\" data-widget_type=\"image.default\">\n\t\t\t\t<div class=\"elementor-widget-container\">\n\t\t\t\t\t\t\t\t<div class=\"elementor-image\">\n\t\t\t\t\t\t\t\t\t\t\t\t\t<a href=\"#\">\n\t\t\t\t\t\t\t<img src=\"https:\/\/2022.streetartfestival.si\/wp-content\/uploads\/elementor\/thumbs\/Logo-Embassy-Ljubljana-q5hgsdeadlyd18a7f2zvwzby6int2t084s3isiqi2o.png\" title=\"Logo Embassy Ljubljana\" alt=\"Logo Embassy Ljubljana\" \/>\t\t\t\t\t\t\t\t<\/a>\n\t\t\t\t\t\t\t\t\t\t\t\t\t\t<\/div>\n\t\t\t\t\t\t<\/div>\n\t\t\t\t<\/div>\n\t\t\t\t\t\t<\/div>\n\t\t\t\t\t<\/div>\n\t\t<\/div>\n\t\t\t\t<div class=\"elementor-column elementor-col-16 elementor-inner-column elementor-element elementor-element-57a170d7\" data-id=\"57a170d7\" data-element_type=\"column\">\n\t\t\t<div class=\"elementor-column-wrap elementor-element-populated\">\n\t\t\t\t\t\t\t<div class=\"elementor-widget-wrap\">\n\t\t\t\t\t\t<div class=\"elementor-element elementor-element-7c3f87d5 elementor-widget elementor-widget-image\" data-id=\"7c3f87d5\" data-element_type=\"widget\" data-settings=\"{&quot;ekit_we_effect_on&quot;:&quot;none&quot;}\" data-widget_type=\"image.default\">\n\t\t\t\t<div class=\"elementor-widget-container\">\n\t\t\t\t\t\t\t\t<div class=\"elementor-image\">\n\t\t\t\t\t\t\t\t\t\t\t\t\t<a href=\"#\">\n\t\t\t\t\t\t\t<img src=\"https:\/\/2022.streetartfestival.si\/wp-content\/uploads\/elementor\/thumbs\/Logo-IFS-q5hgsdeadly6w92x49e5cuky2d4jp1evcqg66ms0lc.png\" title=\"Logo IFS\" alt=\"Logo IFS\" \/>\t\t\t\t\t\t\t\t<\/a>\n\t\t\t\t\t\t\t\t\t\t\t\t\t\t<\/div>\n\t\t\t\t\t\t<\/div>\n\t\t\t\t<\/div>\n\t\t\t\t\t\t<\/div>\n\t\t\t\t\t<\/div>\n\t\t<\/div>\n\t\t\t\t<div class=\"elementor-column elementor-col-16 elementor-inner-column elementor-element elementor-element-3d59927f\" data-id=\"3d59927f\" data-element_type=\"column\">\n\t\t\t<div class=\"elementor-column-wrap elementor-element-populated\">\n\t\t\t\t\t\t\t<div class=\"elementor-widget-wrap\">\n\t\t\t\t\t\t<div class=\"elementor-element elementor-element-fd96af3 elementor-widget elementor-widget-image\" data-id=\"fd96af3\" data-element_type=\"widget\" data-settings=\"{&quot;ekit_we_effect_on&quot;:&quot;none&quot;}\" data-widget_type=\"image.default\">\n\t\t\t\t<div class=\"elementor-widget-container\">\n\t\t\t\t\t\t\t\t<div class=\"elementor-image\">\n\t\t\t\t\t\t\t\t\t\t\t\t<img src=\"https:\/\/2022.streetartfestival.si\/wp-content\/uploads\/elementor\/thumbs\/logo-montana-colors-q5hgsdeadlyd18a7f2zvwzby6int2t084s3isiqi2o.png\" title=\"logo-montana-colors\" alt=\"logo-montana-colors\" \/>\t\t\t\t\t\t\t\t\t\t\t\t\t\t<\/div>\n\t\t\t\t\t\t<\/div>\n\t\t\t\t<\/div>\n\t\t\t\t\t\t<\/div>\n\t\t\t\t\t<\/div>\n\t\t<\/div>\n\t\t\t\t<div class=\"elementor-column elementor-col-16 elementor-inner-column elementor-element elementor-element-f923203\" data-id=\"f923203\" data-element_type=\"column\">\n\t\t\t<div class=\"elementor-column-wrap elementor-element-populated\">\n\t\t\t\t\t\t\t<div class=\"elementor-widget-wrap\">\n\t\t\t\t\t\t<div class=\"elementor-element elementor-element-b91a0d5 elementor-widget elementor-widget-image\" data-id=\"b91a0d5\" data-element_type=\"widget\" data-settings=\"{&quot;ekit_we_effect_on&quot;:&quot;none&quot;}\" data-widget_type=\"image.default\">\n\t\t\t\t<div class=\"elementor-widget-container\">\n\t\t\t\t\t\t\t\t<div class=\"elementor-image\">\n\t\t\t\t\t\t\t\t\t\t\t\t<img src=\"https:\/\/2022.streetartfestival.si\/wp-content\/uploads\/elementor\/thumbs\/UC_MASTERS_LOGO-1-q5hgsdeadlyd18a7f2zvwzby6int2t084s3isiqi2o.png\" title=\"UC_MASTERS_LOGO\" alt=\"UC_MASTERS_LOGO\" \/>\t\t\t\t\t\t\t\t\t\t\t\t\t\t<\/div>\n\t\t\t\t\t\t<\/div>\n\t\t\t\t<\/div>\n\t\t\t\t\t\t<\/div>\n\t\t\t\t\t<\/div>\n\t\t<\/div>\n\t\t\t\t\t\t\t\t<\/div>\n\t\t\t\t\t<\/div>\n\t\t<\/section>\n\t\t\t\t<div class=\"elementor-element elementor-element-578c3c2 elementor-widget elementor-widget-image\" data-id=\"578c3c2\" data-element_type=\"widget\" data-settings=\"{&quot;ekit_we_effect_on&quot;:&quot;none&quot;}\" data-widget_type=\"image.default\">\n\t\t\t\t<div class=\"elementor-widget-container\">\n\t\t\t\t\t\t\t\t<div class=\"elementor-image\">\n\t\t\t\t\t\t\t\t\t\t\t\t<img width=\"800\" height=\"241\" src=\"https:\/\/2022.streetartfestival.si\/wp-content\/uploads\/2021\/06\/LJSAF-partners-sponsors-1024x308.png\" class=\"attachment-large size-large\" alt=\"\" loading=\"lazy\" srcset=\"https:\/\/2022.streetartfestival.si\/wp-content\/uploads\/2021\/06\/LJSAF-partners-sponsors-1024x308.png 1024w, https:\/\/2022.streetartfestival.si\/wp-content\/uploads\/2021\/06\/LJSAF-partners-sponsors-600x180.png 600w, https:\/\/2022.streetartfestival.si\/wp-content\/uploads\/2021\/06\/LJSAF-partners-sponsors-300x90.png 300w, https:\/\/2022.streetartfestival.si\/wp-content\/uploads\/2021\/06\/LJSAF-partners-sponsors-768x231.png 768w, https:\/\/2022.streetartfestival.si\/wp-content\/uploads\/2021\/06\/LJSAF-partners-sponsors-1536x462.png 1536w, https:\/\/2022.streetartfestival.si\/wp-content\/uploads\/2021\/06\/LJSAF-partners-sponsors.png 1600w\" sizes=\"(max-width: 800px) 100vw, 800px\" \/>\t\t\t\t\t\t\t\t\t\t\t\t\t\t<\/div>\n\t\t\t\t\t\t<\/div>\n\t\t\t\t<\/div>\n\t\t\t\t\t\t<\/div>\n\t\t\t\t\t<\/div>\n\t\t<\/div>\n\t\t\t\t\t\t\t\t<\/div>\n\t\t\t\t\t<\/div>\n\t\t<\/section>\n\t\t\t\t\t\t\t\t\t<\/div>\n\t\t\t<\/div>\n\t\t\t\t\t<\/div>\n\t\t","protected":false},"excerpt":{"rendered":"<p>Ljubljana Street Art Festival is the first international contemporary street art festival in Slovenia. Born from a passion for street art, graffiti, urban art, and art interventions in public spaces, Ljubljana Street Art Festival brings together international and local artists and scholars. It invites visitors to read the streets, participate in activities as well as [&hellip;]<\/p>\n","protected":false},"author":1,"featured_media":2453,"parent":0,"menu_order":0,"comment_status":"closed","ping_status":"closed","template":"","meta":[],"_links":{"self":[{"href":"https:\/\/2022.streetartfestival.si\/en\/wp-json\/wp\/v2\/pages\/2658"}],"collection":[{"href":"https:\/\/2022.streetartfestival.si\/en\/wp-json\/wp\/v2\/pages"}],"about":[{"href":"https:\/\/2022.streetartfestival.si\/en\/wp-json\/wp\/v2\/types\/page"}],"author":[{"embeddable":true,"href":"https:\/\/2022.streetartfestival.si\/en\/wp-json\/wp\/v2\/users\/1"}],"replies":[{"embeddable":true,"href":"https:\/\/2022.streetartfestival.si\/en\/wp-json\/wp\/v2\/comments?post=2658"}],"version-history":[{"count":18,"href":"https:\/\/2022.streetartfestival.si\/en\/wp-json\/wp\/v2\/pages\/2658\/revisions"}],"predecessor-version":[{"id":3768,"href":"https:\/\/2022.streetartfestival.si\/en\/wp-json\/wp\/v2\/pages\/2658\/revisions\/3768"}],"wp:featuredmedia":[{"embeddable":true,"href":"https:\/\/2022.streetartfestival.si\/en\/wp-json\/wp\/v2\/media\/2453"}],"wp:attachment":[{"href":"https:\/\/2022.streetartfestival.si\/en\/wp-json\/wp\/v2\/media?parent=2658"}],"curies":[{"name":"wp","href":"https:\/\/api.w.org\/{rel}","templated":true}]}}